{"id":11825,"date":"2010-02-14T12:07:33","date_gmt":"2010-02-14T10:07:33","guid":{"rendered":"http:\/\/www.saintefamille.fr\/viecontemplative\/?page_id=11825"},"modified":"2010-11-14T16:59:32","modified_gmt":"2010-11-14T15:59:32","slug":"bd","status":"publish","type":"page","link":"https:\/\/viecontemplative.saintefamille.fr\/?page_id=11825","title":{"rendered":"Vie du P\u00e8re Noailles en images"},"content":{"rendered":"<p><!--:fr--><br \/>\nD\u00e9couvrez ici la vie du Bon P\u00e8re Noailles gr\u00e2ce \u00e0 une bande dessin\u00e9e qui sera publi\u00e9e r\u00e9guli\u00e8rement.<br \/>\n<?php\n$arrPages = array(\n\t\"20100217\" => 2,<br \/>\n\t&#8220;20100219&#8221; => 3,<br \/>\n\t&#8220;20100222&#8221; => 4,<br \/>\n\t&#8220;20100224&#8221; => 5,<br \/>\n\t&#8220;20100226&#8221; => 6,<br \/>\n\t&#8220;20100301&#8221; => 7,<br \/>\n\t&#8220;20100303&#8221; => 8,<br \/>\n\t&#8220;20100305&#8221; => 9,<br \/>\n\t&#8220;20100308&#8221; => 10,<br \/>\n\t&#8220;20100310&#8221; => 11,<br \/>\n\t&#8220;20100312&#8221; => 12,<br \/>\n\t&#8220;20100315&#8221; => 13,<br \/>\n\t&#8220;20100317&#8221; => 14,<br \/>\n\t&#8220;20100319&#8221; => 15,<br \/>\n\t&#8220;20100322&#8221; => 16,<br \/>\n\t&#8220;20100324&#8221; => 17,<br \/>\n\t&#8220;20100326&#8221; => 18,<br \/>\n\t&#8220;20100329&#8221; => 19,<br \/>\n\t&#8220;20100331&#8221; => 20,<br \/>\n\t&#8220;20100405&#8221; => 21,<br \/>\n\t&#8220;20100407&#8221; => 22,<br \/>\n\t&#8220;20100409&#8221; => 23,<br \/>\n\t&#8220;20100412&#8221; => 24,<br \/>\n\t&#8220;20100414&#8221; => 25,<br \/>\n\t&#8220;20100416&#8221; => 26,<br \/>\n\t&#8220;20100419&#8221; => 27,<br \/>\n\t&#8220;20100421&#8221; => 28<br \/>\n);<\/p>\n<p>include(&#8220;wp-content\/uploads\/vc\/include\/bd.inc.php&#8221;);<br \/>\n?><br style=\"clear:both\"\/><\/p>\n","protected":false},"excerpt":{"rendered":"<p>D\u00e9couvrez ici la vie du Bon P\u00e8re Noailles gr\u00e2ce \u00e0 une bande dessin\u00e9e qui sera publi\u00e9e r\u00e9guli\u00e8rement.<\/p>\n","protected":false},"author":4,"featured_media":0,"parent":0,"menu_order":6,"comment_status":"closed","ping_status":"open","template":"","meta":{"footnotes":""},"class_list":["post-11825","page","type-page","status-publish","hentry"],"_links":{"self":[{"href":"https:\/\/viecontemplative.saintefamille.fr\/index.php?rest_route=\/wp\/v2\/pages\/11825","targetHints":{"allow":["GET"]}}],"collection":[{"href":"https:\/\/viecontemplative.saintefamille.fr\/index.php?rest_route=\/wp\/v2\/pages"}],"about":[{"href":"https:\/\/viecontemplative.saintefamille.fr\/index.php?rest_route=\/wp\/v2\/types\/page"}],"author":[{"embeddable":true,"href":"https:\/\/viecontemplative.saintefamille.fr\/index.php?rest_route=\/wp\/v2\/users\/4"}],"replies":[{"embeddable":true,"href":"https:\/\/viecontemplative.saintefamille.fr\/index.php?rest_route=%2Fwp%2Fv2%2Fcomments&post=11825"}],"version-history":[{"count":3,"href":"https:\/\/viecontemplative.saintefamille.fr\/index.php?rest_route=\/wp\/v2\/pages\/11825\/revisions"}],"predecessor-version":[{"id":18017,"href":"https:\/\/viecontemplative.saintefamille.fr\/index.php?rest_route=\/wp\/v2\/pages\/11825\/revisions\/18017"}],"wp:attachment":[{"href":"https:\/\/viecontemplative.saintefamille.fr\/index.php?rest_route=%2Fwp%2Fv2%2Fmedia&parent=11825"}],"curies":[{"name":"wp","href":"https:\/\/api.w.org\/{rel}","templated":true}]}}