{"id":12,"date":"2007-11-19T18:15:21","date_gmt":"2007-11-19T17:15:21","guid":{"rendered":"http:\/\/www.saintefamille.fr\/viecontemplative\/?page_id=12"},"modified":"2007-11-19T18:15:21","modified_gmt":"2007-11-19T17:15:21","slug":"la-vie-contemplative-sainte-famille","status":"publish","type":"page","link":"https:\/\/viecontemplative.saintefamille.fr\/?page_id=12","title":{"rendered":"Notre vie contemplative"},"content":{"rendered":"<p><!--:en-->&#8220;The wilderness and the dry land shall be glad, the desert shall rejoice and bloom; like the crocus it shall blossom abundantly, and rejoice with joy and singing\u2026<\/p>\n<p>Here is your God\u2026he will come and save you.<\/p>\n<p>Waters shall break forth in the wilderness, and streams in the desert, the burning sand shall become a pool, and the thirsty ground springs of water&#8221;. (Isaiah 35)<\/p>\n<p>In the Church we continue the prayerful attitude of Jesus turned towards the Father, in adoration and praise, in thanksgiving and intercession.(Constitutions 162)<\/p>\n<p>The Contemplative Sisters of the Holy Family were founded in 1859: &#8220;the last shoot of the tree of the Holy Family&#8221;. For Pierre Bienvenu Noailles, our Founder, we form the indispensable complement of his Work.<\/p>\n<p>We participate in the common Mission of the Family by imitating the life of Jesus, Mary and Joseph in the home of Nazareth: a life hidden in God alone in silence and solitude, a life of love lived in obedience and gratuitousness.<\/p>\n<p>Our communities are present in three continents: Latin America, Asia and Europe.\u00a0 Their members are of different nationalities and cultures.<\/p>\n<p>&#8220;Our happiness is not outside of us but within us through the reign of God Alone.&#8221; (P.B. Noailles)<\/p>\n<p>With humility, love and courage, together we seek God and God&#8217;s reign.<\/p>\n<p>Nazareth is the humble school where\u00a0 the simplicity and beauty of everyday life is reveled to us.<\/p>\n<p>It is in the reality of community life that communion is built up among us.<\/p>\n<p>To live in communion \u2026 is to serve God and our brothers and sisters from the heart.\u00a0 It is to let our hearts be evangelized by being in contact with the Word of God and with others, in order to live forgiveness, compassion and hope.<\/p>\n<p>Our differences are woven day after day into the tissue of our lives, and thus become a witness to communion.<\/p>\n<p>Each day, we are together in the chapel, at work, at recreation, at meals\u2026Life in community is a school of patience and self-giving, of attention to the other in self-forgetfulness.\u00a0 It leads us to the truth of our being-with-others and with God, the Totally Other.<\/p>\n<p>&#8220;The Word of God is a seed: to produce fruit, it should be meditated in silence.&#8221;<\/p>\n<p>Prayer occupies a dominant place in our personal and community life.\u00a0 It marks the rhythm of our day.\u00a0 Prayer is extended into all that makes up our daily life.<\/p>\n<p>Meditation, the Liturgy of the Hours, Lectio Divina, Eucharistic adoration are the visible part of the interior reality of contemplative prayer, the Eucharistic celebration being its climax.<\/p>\n<p>&#8220;Pray often, pray without ceasing, that is to say, make your work a continual prayer.&#8221; (P.B. Noailles)<\/p>\n<p>Our contemplative life, in the school of Jesus, Mary and Joseph, consists also of work which is never to the detriment of prayer.<\/p>\n<p>Our work, by the effort it demands and the constraints it imposes, is a place of human solidarity.\u00a0 We are careful to see that our work does not turn into activism, that it is not a seeking of our own efficacy or mere profit.<\/p>\n<p>Work is indispensable for a balanced life.\u00a0 Our energy is restored through work as much as through rest, meals and relaxation.<\/p>\n<p>&#8220;The monastery is a house of God where we dwell close to the Source.&#8221;<\/p>\n<p>The communities welcome with simplicity and discretion those who seek the Lord in silence and solitude.\u00a0 This welcome is a grace and an invitation to all.<\/p>\n<p>Each of our communities desires to be a sign of faith and a sacrament of unity in the place and culture where it is present.<!--:--><!--:fr--><\/p>\n<h3><span style=\"color: #808080\"><strong>Soeurs contemplatives de la Sainte Famille <\/strong><\/span>nous continuons avec tous les membres de la Famille spirituelle de Pierre Bienvenu NOAILLES la Mission du Fils de Dieu venu sur terre pour y former une Sainte Famille, l&#8217;Eglise, la Famille des enfants de Dieu rassembl\u00e9s dans l&#8217;unit\u00e9 de la Foi et de l&#8217;Amour.<\/h3>\n<h4><strong>Une vie pour Dieu Seul<\/strong><\/h4>\n<p><span style=\"color: #5b5b5b\"><a title=\"Statue de la Sainte Famille dans le jardin des Soeurs Contemplatives\" href=\"http:\/\/www.saintefamille.fr\/wp-content\/uploads\/vc\/2007\/11\/jmj-jardin-cte-ctive-1.jpg\"><img decoding=\"async\" src=\"http:\/\/www.saintefamille.fr\/wp-content\/uploads\/vc\/2007\/11\/jmj-jardin-cte-ctive-1.thumbnail.jpg\" alt=\"Statue de la Sainte Famille dans le jardin des Soeurs Contemplatives\" align=\"left\" \/><\/a><\/span><\/p>\n<h6>A l&#8217;exemple de J\u00e9sus, Marie et Joseph,   n&#8217;aimer, ne chercher, ne vouloir que Dieu Seul en toutes choses.<\/h6>\n<p>Le Myst\u00e8re de la Sainte Famille de J\u00e9sus, Marie et Joseph inspire notre quotidien fa\u00e7onn\u00e9 par le silence et la solitude, la pri\u00e8re et le travail, v\u00e9cu dans un espace bien concret, celui d&#8217;une Communaut\u00e9.<\/p>\n<p>La pr\u00e9sence de notre vie contemplative dans l&#8217;Eglise  s&#8217;enracine profond\u00e9ment dans le terreau de l&#8217;humilit\u00e9 et de la discr\u00e9tion des commencements de l&#8217;Evangile.<\/p>\n<h6>Notre bonheur n&#8217;est pas hors de nous mais en nous par le r\u00e8gne de Dieu Seul <em>(P.B Noailles)<\/em><\/h6>\n<p style=\"text-align: center\"><a title=\"sr-michael.jpg\" href=\"http:\/\/www.saintefamille.fr\/wp-content\/uploads\/vc\/2008\/01\/sr-michael.jpg\"><img decoding=\"async\" src=\"http:\/\/www.saintefamille.fr\/wp-content\/uploads\/vc\/2008\/01\/sr-michael.thumbnail.jpg\" alt=\"sr-michael.jpg\" align=\"left\" \/><\/a><\/p>\n<p>La vie contemplative appelle: une foi v\u00e9cue, une fid\u00e9lit\u00e9 pers\u00e9v\u00e9rante, une esp\u00e9rance intr\u00e9pide, une conversion continuelle!<\/p>\n<p>Nous sommes appel\u00e9es \u00e0 chercher  humblement, amoureusement, courageusement Dieu et son Royaume:<\/p>\n<h6>&#8220;Heureuse celle qui m&#8217;\u00e9coute, qui veille tous les jours \u00e0 l&#8217;entr\u00e9e de ma demeure et qui ne s&#8217;\u00e9loigne pas de ma porte&#8230;&#8221;<em>(Prov 8,31-32,35)<\/em><\/h6>\n<h6><a title=\"Tabernacle de la Chapelle de la Sainte Famille\" href=\"http:\/\/www.saintefamille.fr\/wp-content\/uploads\/vc\/2007\/11\/img005_1.jpg\"><img decoding=\"async\" src=\"http:\/\/www.saintefamille.fr\/wp-content\/uploads\/vc\/2007\/11\/img005_1.thumbnail.jpg\" alt=\"Tabernacle de la Chapelle de la Sainte Famille\" align=\"right\" \/><\/a><\/h6>\n<p align=\"left\">La pri\u00e8re d&#8217;adoration et de louange,  d&#8217;action de gr\u00e2ces et d&#8217;intercession qui jalonne notre quotidien exige pers\u00e9v\u00e9rance et fid\u00e9lit\u00e9.<\/p>\n<p>C&#8217;est  en priant et en travaillant que nous demeurons tourn\u00e9es vers le Seigneur; que nous exer\u00e7ons notre minist\u00e8re de Communion dans l&#8217;Eglise et dans le monde.<\/p>\n<h6><a title=\"clare-chapelle-de-lile.jpg\" href=\"http:\/\/www.saintefamille.fr\/wp-content\/uploads\/vc\/2008\/01\/clare-chapelle-de-lile.jpg\"> <\/a><\/h6>\n<h6>Pri\u00e8re d&#8217;adoration et de louange,  d&#8217;action de gr\u00e2ces et d&#8217;intercession<\/h6>\n<p><a title=\"communaute-oteiza.jpg\" href=\"http:\/\/www.saintefamille.fr\/wp-content\/uploads\/vc\/2008\/02\/communaute-oteiza.jpg\"><img decoding=\"async\" src=\"http:\/\/www.saintefamille.fr\/wp-content\/uploads\/vc\/2008\/02\/communaute-oteiza.thumbnail.jpg\" alt=\"communaute-oteiza.jpg\" align=\"left\" \/><\/a><\/p>\n<p>J\u00e9sus-Christ nous appelle et nous rassemble. Son Esprit nous unit. Nos communaut\u00e9s sont pr\u00e9sentes sur trois continents: Am\u00e9rique Latine, Asie, Europe. Elles rassemblent des soeurs de diverses nationalit\u00e9s et cultures.<\/p>\n<h6>Nous tissons ensemble, au fil des jours et de la vie quotidienne,  nos diff\u00e9rences pour  donner un visage \u00e0 la Communion.<\/h6>\n<p><a title=\"soeurs-a-oteiza-2006.jpg\" href=\"http:\/\/www.saintefamille.fr\/wp-content\/uploads\/vc\/2007\/12\/soeurs-a-oteiza-2006.jpg\"><img decoding=\"async\" src=\"http:\/\/www.saintefamille.fr\/wp-content\/uploads\/vc\/2007\/12\/soeurs-a-oteiza-2006.thumbnail.jpg\" alt=\"soeurs-a-oteiza-2006.jpg\" align=\"left\" \/><\/a><\/p>\n<p>Vivre la communion&#8230; c&#8217;est servir  ensemble Dieu et  nos fr\u00e8res et s\u0153urs, avec notre c\u0153ur !  C&#8217;est laisser notre c\u0153ur s&#8217;\u00e9vang\u00e9liser au contact de la Parole  pour vivre, entre nous, le pardon, la mis\u00e9ricorde, l&#8217;esp\u00e9rance.<\/p>\n<p>Chaque jour, nous sommes ensemble \u00e0 la chapelle, au travail, \u00e0 la d\u00e9tente, au r\u00e9fectoire&#8230;  La vie en communaut\u00e9 est une  \u00e9cole de patience, de don de soi, d&#8217;oubli de soi, d&#8217;attention aux autres&#8230; Elle nous conduit \u00e0 la v\u00e9rit\u00e9 de notre  \u00eatre-avec-les-autres et avec le Tout-Autre qu&#8217;est Dieu.<\/p>\n<h6>C&#8217;est dans le r\u00e9alisme de la vie communautaire que se construit entre nous, la  Communion<\/h6>\n<p><a title=\"soeurs-nagoda.jpg\" href=\"http:\/\/www.saintefamille.fr\/wp-content\/uploads\/vc\/2008\/01\/soeurs-nagoda.jpg\"><\/a><\/p>\n<p style=\"text-align: center\"><a title=\"soeurs-nagoda.jpg\" href=\"http:\/\/www.saintefamille.fr\/wp-content\/uploads\/vc\/2008\/01\/soeurs-nagoda.jpg\"><img decoding=\"async\" src=\"http:\/\/www.saintefamille.fr\/wp-content\/uploads\/vc\/2008\/01\/soeurs-nagoda.thumbnail.jpg\" alt=\"soeurs-nagoda.jpg\" \/><\/a><a title=\"vie-fraternelle-2.jpg\" href=\"http:\/\/www.saintefamille.fr\/wp-content\/uploads\/vc\/2008\/01\/vie-fraternelle-2.jpg\"> <img decoding=\"async\" src=\"http:\/\/www.saintefamille.fr\/wp-content\/uploads\/vc\/2008\/01\/vie-fraternelle-2.thumbnail.jpg\" alt=\"vie-fraternelle-2.jpg\" \/> <\/a><\/p>\n<h4><strong>Une vie de travail<\/strong><\/h4>\n<p>Notre vie contemplative, \u00e0 l&#8217;\u00e9cole de J\u00e9sus, Marie et Joseph, se d\u00e9finit aussi par le travail qui n&#8217;entre jamais en concurrence avec la pri\u00e8re. Il est un pain quotidien, une solidarit\u00e9 humaine, une communion fraternelle, une louange \u00e0 Dieu!<\/p>\n<h6>&#8220;Priez souvent, priez sans cesse, c&#8217;est \u00e0 dire faites de votre travail une pri\u00e8re continuelle.&#8221; <em>(P.B Noailles)<\/em><\/h6>\n<p>Nous gagnons par notre travail, notre pain quotidien.  Nous veillons \u00e0 ce que le travail ne tourne pas \u00e0 l&#8217;activisme, ni \u00e0 la recherche de notre propre  efficacit\u00e9 ou du seul profit.<\/p>\n<p>Le travail est indispensable \u00e0 l&#8217;\u00e9quilibre de notre vie. Autant que le repos, les repas, la d\u00e9tente, nos forces se refont dans le travail!<\/p>\n<p style=\"text-align: center\" align=\"left\"><a title=\"anne-curie.jpg\" href=\"http:\/\/www.saintefamille.fr\/wp-content\/uploads\/vc\/2008\/01\/anne-curie.jpg\"> <\/a><a title=\"travail-cte-la-solitude-sr-griet.jpg\" href=\"http:\/\/www.saintefamille.fr\/wp-content\/uploads\/vc\/2008\/01\/travail-cte-la-solitude-sr-griet.jpg\"><img decoding=\"async\" src=\"http:\/\/www.saintefamille.fr\/wp-content\/uploads\/vc\/2008\/01\/travail-cte-la-solitude-sr-griet.thumbnail.jpg\" alt=\"travail-cte-la-solitude-sr-griet.jpg\" \/><\/a><a title=\"anne-curie.jpg\" href=\"http:\/\/www.saintefamille.fr\/wp-content\/uploads\/vc\/2008\/01\/anne-curie.jpg\"><img decoding=\"async\" src=\"http:\/\/www.saintefamille.fr\/wp-content\/uploads\/vc\/2008\/01\/anne-curie.thumbnail.jpg\" alt=\"anne-curie.jpg\" \/><\/a><a title=\"nagodatravail.jpg\" href=\"http:\/\/www.saintefamille.fr\/wp-content\/uploads\/vc\/2008\/01\/nagodatravail.jpg\"><img decoding=\"async\" src=\"http:\/\/www.saintefamille.fr\/wp-content\/uploads\/vc\/2008\/01\/nagodatravail.thumbnail.jpg\" alt=\"nagodatravail.jpg\" \/><\/a><a title=\"sr-elena.jpg\" href=\"http:\/\/www.saintefamille.fr\/wp-content\/uploads\/vc\/2008\/01\/sr-elena.jpg\"><img decoding=\"async\" src=\"http:\/\/www.saintefamille.fr\/wp-content\/uploads\/vc\/2008\/01\/sr-elena.thumbnail.jpg\" alt=\"sr-elena.jpg\" \/><\/a><a title=\"nagodatravail.jpg\" href=\"http:\/\/www.saintefamille.fr\/wp-content\/uploads\/vc\/2008\/01\/nagodatravail.jpg\"> <\/a><\/p>\n<h4><strong>Une vie de pri\u00e8re<\/strong><\/h4>\n<p><span style=\"color: #000000\">La pri\u00e8re <\/span> est une \u0153uvre dominante tant dans notre vie personnelle que communautaire. Elle est le principe organisateur de la journ\u00e9e.<span style=\"color: #999999\"><strong><span style=\"color: #616161\"> <span style=\"color: #666666\">La pri\u00e8re  s&#8217;\u00e9tend \u00e0 tout ce qui fait notre quotidien<\/span><\/span><\/strong><\/span><span style=\"color: #666666\"><strong>. <\/strong><\/span><\/p>\n<h6>Pri\u00e8re contemplative&#8230; pri\u00e8re silencieuse, intime, simple dont la v\u00e9rit\u00e9 r\u00e9side dans la conversion du coeur.<\/h6>\n<p>L&#8217;Oraison, la Liturgie des heures, la Lectio Divina, l&#8217;Adoration eucharistique ne sont que la partie visible de cette r\u00e9alit\u00e9 toute int\u00e9rieure qu&#8217;est la pri\u00e8re contemplative dont le sommet est la c\u00e9l\u00e9bration de l&#8217;Eucharistie.<\/p>\n<p style=\"text-align: center\"><a title=\"soeur-en-priere-2.jpg\" href=\"http:\/\/www.saintefamille.fr\/wp-content\/uploads\/vc\/2008\/01\/soeur-en-priere-2.jpg\"><\/a><\/p>\n<p style=\"text-align: center\"><a title=\"soeur-en-priere-2.jpg\" href=\"http:\/\/www.saintefamille.fr\/wp-content\/uploads\/vc\/2008\/01\/soeur-en-priere-2.jpg\"><img decoding=\"async\" src=\"http:\/\/www.saintefamille.fr\/wp-content\/uploads\/vc\/2008\/01\/soeur-en-priere-2.thumbnail.jpg\" alt=\"soeur-en-priere-2.jpg\" \/><\/a><a title=\"adoration.jpg\" href=\"http:\/\/www.saintefamille.fr\/wp-content\/uploads\/vc\/2008\/01\/adoration.jpg\"><img decoding=\"async\" src=\"http:\/\/www.saintefamille.fr\/wp-content\/uploads\/vc\/2008\/01\/adoration.thumbnail.jpg\" alt=\"adoration.jpg\" \/><\/a><\/p>\n<h6>&#8221; La Parole de Dieu est une semence: pour produire du fruit il faut qu&#8217;elle soit m\u00e9dit\u00e9e dans le silence&#8221; <em>(P.B Noailles)<\/em><\/h6>\n<h4>Un espace d&#8217;accueil<\/h4>\n<p><a title=\"accueil-a-nagoda.jpg\" href=\"http:\/\/www.saintefamille.fr\/wp-content\/uploads\/vc\/2008\/01\/accueil-a-nagoda.jpg\"><img decoding=\"async\" src=\"http:\/\/www.saintefamille.fr\/wp-content\/uploads\/vc\/2008\/01\/accueil-a-nagoda.thumbnail.jpg\" alt=\"accueil-a-nagoda.jpg\" align=\"left\" \/><\/a><\/p>\n<p align=\"left\">Les communaut\u00e9s accueillent avec simplicit\u00e9 et discr\u00e9tion ceux qui cherchent le Seigneur dans le silence et la solitude. Cet accueil est appel et gr\u00e2ce pour chacune d&#8217;elles.  En tout lieu et toute culture, elles veulent \u00eatre  <span style=\"color: #686868\"><strong>signe de foi et sacrement d&#8217;unit\u00e9<\/strong>.<\/span><\/p>\n<h6>&#8220;La paix est le partage des vrais disciples de J\u00e9sus-Christ&#8221; <em>(P.B Noailles)<\/em><\/h6>\n<h4>Une Pr\u00e9sence eccl\u00e9siale<\/h4>\n<h6>&#8221; Nos communaut\u00e9s sont pr\u00e9sentes dans des Eglises locales &#8230; proches d&#8217;une communaut\u00e9 humaine particuli\u00e8re, elles sont signe de foi et sacrement d&#8217;unit\u00e9.&#8221;  <em>(Constitutions N\u00b0 163)<\/em><\/h6>\n<p align=\"justify\"><a title=\"sr-trinidad.jpg\" href=\"http:\/\/www.saintefamille.fr\/wp-content\/uploads\/vc\/2008\/02\/sr-trinidad.jpg\"><img decoding=\"async\" src=\"http:\/\/www.saintefamille.fr\/wp-content\/uploads\/vc\/2008\/02\/sr-trinidad.thumbnail.jpg\" alt=\"sr-trinidad.jpg\" align=\"left\" \/><\/a><a title=\"sr-maria-dolores-ariztondo.jpg\" href=\"http:\/\/www.saintefamille.fr\/wp-content\/uploads\/vc\/2008\/02\/sr-maria-dolores-ariztondo.jpg\"><img decoding=\"async\" src=\"http:\/\/www.saintefamille.fr\/wp-content\/uploads\/vc\/2008\/02\/sr-maria-dolores-ariztondo.thumbnail.jpg\" alt=\"sr-maria-dolores-ariztondo.jpg\" align=\"right\" \/><\/a>Par leur recherche constante et unique de Dieu seul, les communaut\u00e9s  sont avant tout une profession de foi et un t\u00e9moignage rendu \u00e0 la Primaut\u00e9 de Dieu dans toute vie humaine.  Elles veulent \u00eatre  cette voix &#8221; <em>de fin silence<\/em>&#8221; (I Rois 19) qui  proclame  que la Source de tout bonheur, de tout \u00e9panouissement, de tout amour, est en Dieu Seul.<\/p>\n<p>Nous accueillons   l&#8217;amour gratuit de Dieu au nom de toute l&#8217;humanit\u00e9. Nous y r\u00e9pondons par une offrande gratuite de tout notre \u00eatre, faisant de notre vie une  \u00ab<em>louange \u00e0 la gloire de Dieu<\/em>\u00bb.<\/p>\n<p align=\"left\"><a title=\"chapelle-oteiza.jpg\" href=\"http:\/\/www.saintefamille.fr\/wp-content\/uploads\/vc\/2008\/01\/chapelle-oteiza.jpg\"> <\/a><\/p>\n<p align=\"justify\"><a title=\"adoration.jpg\" href=\"http:\/\/www.saintefamille.fr\/wp-content\/uploads\/vc\/2008\/01\/adoration.jpg\"><\/a><\/p>\n<p><!--:--><!--:es-->&#8220;Que el desierto y la sequedad se alegren, regoc\u00edjese la estepa y florezca como una flor; estalle en flor y regoc\u00edjese hasta lanzar gritos de j\u00fabilo\u201d<\/p>\n<p>Mirad que vuestro Dios viene, El vendr\u00e1 y os salvar\u00e1.<\/p>\n<p>La tierra seca se trocar\u00e1 en estanque, y el pa\u00eds \u00e1rido en manantial de aguas.&#8221; (Isaias 35)<\/p>\n<p>Prolongamos en la Iglesia la actitud orante de Jes\u00fas vuelto hacia el Padre por la adoraci\u00f3n y la alabanza, la acci\u00f3n de gracias y la intercesi\u00f3n (Const 162)<\/p>\n<p>Como hermanas contemplativas de la Sagrada Familia, fuimos fundadas en 1859, por Pedro Bienvenido Noailles, nuestro Fundador. l \u00daltimo brote del \u00e1rbol de la Sagrada Familia somos el complemento indispensable de su obra.<\/p>\n<p>Participamos en la Misi\u00f3n Com\u00fan de la Familia imitando la vida de Jes\u00fas, Mar\u00eda y Jos\u00e9 en la casa de Nazareth : vida escondida en solo Dios en el silencio y la soledad, vida de amor en la obediencia y la gratuidad.<\/p>\n<p>Nuestras comunidades est\u00e1n presentes en tres continentes: Am\u00e9rica Latina, Asia, Europa. Reunen hermanas de diversas culturas y nacionalidades.<\/p>\n<p>\u00ab Nuestra dicha no est\u00e1 fuera de nosotras, sino en nosotras por el reinado de solo Dios \u00bb (P.B.Noailles)<\/p>\n<p>Juntas buscamos, humildemente, amorosamente, con valent\u00eda Dios y su Reino.<\/p>\n<p>Nazareth es la humilde escuela donde se nos revela la sencillez y belleza de la vida cotidiana<\/p>\n<p>\u00abEn el realismo de la vida comunitaria se construye la comuni\u00f3n entre nosotras\u00bb<\/p>\n<p>Vivir la comuni\u00f3n es servir juntas a Dios y a nuestros hermanos y hermanas, dejar que nuestro coraz\u00f3n se evangelice en contacto con la Palabra y con los dem\u00e1s. para vivir el perd\u00f3n, la misericordia y la esperanza.<\/p>\n<p>A trav\u00e9s de la vida diaria, juntas asumimos nuestras diferencias par dar un rostro a la comuni\u00f3n.<\/p>\n<p>Cada d\u00eda estamos juntas en la capilla, en el trabajo, en el recreo, en el comedor\u2026La vida comunitaria es una escuela de paciencia, entrega, olvido de s\u00ed, atenci\u00f3n a los dem\u00e1s\u2026Nos conduce a la verdad de nuestra relaci\u00f3n con los dem\u00e1s y con el totalmente Otro: con Dios.<\/p>\n<p>\u00ab La Palabra de Dios es una semilla : para que produzca fruto, ha de meditarse en el silencio\u00bb.<\/p>\n<p>La Oraci\u00f3n ocupa un lugar privilegiado en nuestra vida personal y comunitaria. Es el principio organizador de la jornada. Penetra todo lo que forma parte de nuestra vida cotidiana.<\/p>\n<p>La oraci\u00f3n, la liturgia de las horas, la lectio divina, la adoraci\u00f3n eucar\u00edstica son s\u00f3lo la parte visible de esta realidad interior que es la oraci\u00f3n contemplativa cuya cima es la celebraci\u00f3n de la Eucarist\u00eda.<\/p>\n<p>\u00abOrad frecuentemente, orad sin cesar, es decir, haced de vuestro trabajo una oraci\u00f3n continua\u00bb (P.B. Noailles)<\/p>\n<p>Siguiendo el ejemplo de Jes\u00fas, Mar\u00eda y Jos\u00e9 , nuestra vida contemplativa, se define tambi\u00e9n por el trabajo que jam\u00e1s entra en concurrencia con la oraci\u00f3n.<\/p>\n<p>Nuestro trabajo, por el esfuerzo y las exigencia que tiene, es lugar de solidaridad humana. Estamos atentas para que el trabajo no se convierta en activismo, ni en b\u00fasqueda de eficacia o de rendimiento econ\u00f3mico.<\/p>\n<p>El trabajo es indispensable para conservar el equilibrio de nuestra vida. Nuestras fuerzas se rehacen tanto por el trabajo como por el reposo, el alimento, y el recreo.<\/p>\n<p>\u00abCada monasterio es casa de Dios en donde permanecemos cerca de la Fuente \u00bb<\/p>\n<p>Las comunidades acogen con sencillez y discreci\u00f3n a los que buscan al Se\u00f1or en el silencio y la soledad. Esta acogida es gracia para cada una de ellas. En todo lugar y en cada cultura nuestras comunidades intentan ser signo de fe y sacramento de unidad.<!--:--><\/p>\n","protected":false},"excerpt":{"rendered":"<p>&#8220;The wilderness and the dry land shall be glad, the desert shall rejoice and bloom; like the crocus it shall blossom abundantly, and rejoice with joy and singing\u2026 Here is your God\u2026he will come and save you. Waters shall break forth in the wilderness, and streams in the desert, the burning sand shall become a [&hellip;]<\/p>\n","protected":false},"author":4,"featured_media":0,"parent":0,"menu_order":2,"comment_status":"closed","ping_status":"open","template":"","meta":{"footnotes":""},"class_list":["post-12","page","type-page","status-publish","hentry"],"_links":{"self":[{"href":"https:\/\/viecontemplative.saintefamille.fr\/index.php?rest_route=\/wp\/v2\/pages\/12","targetHints":{"allow":["GET"]}}],"collection":[{"href":"https:\/\/viecontemplative.saintefamille.fr\/index.php?rest_route=\/wp\/v2\/pages"}],"about":[{"href":"https:\/\/viecontemplative.saintefamille.fr\/index.php?rest_route=\/wp\/v2\/types\/page"}],"author":[{"embeddable":true,"href":"https:\/\/viecontemplative.saintefamille.fr\/index.php?rest_route=\/wp\/v2\/users\/4"}],"replies":[{"embeddable":true,"href":"https:\/\/viecontemplative.saintefamille.fr\/index.php?rest_route=%2Fwp%2Fv2%2Fcomments&post=12"}],"version-history":[{"count":0,"href":"https:\/\/viecontemplative.saintefamille.fr\/index.php?rest_route=\/wp\/v2\/pages\/12\/revisions"}],"wp:attachment":[{"href":"https:\/\/viecontemplative.saintefamille.fr\/index.php?rest_route=%2Fwp%2Fv2%2Fmedia&parent=12"}],"curies":[{"name":"wp","href":"https:\/\/api.w.org\/{rel}","templated":true}]}}