{"id":2304,"date":"2008-11-30T17:04:15","date_gmt":"2008-11-30T15:04:15","guid":{"rendered":"http:\/\/www.saintefamille.fr\/viecontemplative\/?page_id=2304"},"modified":"2011-12-29T14:51:27","modified_gmt":"2011-12-29T13:51:27","slug":"pour-vous","status":"publish","type":"page","link":"https:\/\/viecontemplative.saintefamille.fr\/?page_id=2304","title":{"rendered":"Outils web"},"content":{"rendered":"<p><!--:en--><a href=\"https:\/\/viecontemplative.saintefamille.fr\/files\/2008\/11\/screenshot.jpg\"><img loading=\"lazy\" decoding=\"async\" src=\"https:\/\/viecontemplative.saintefamille.fr\/files\/2008\/11\/screenshot-195x300.jpg\" alt=\"\" title=\"prier.saintefamille.fr\" width=\"195\" height=\"300\" class=\"alignleft size-medium wp-image-25752\" srcset=\"https:\/\/viecontemplative.saintefamille.fr\/files\/2008\/11\/screenshot-195x300.jpg 195w, https:\/\/viecontemplative.saintefamille.fr\/files\/2008\/11\/screenshot.jpg 480w\" sizes=\"auto, (max-width: 195px) 100vw, 195px\" \/><\/a><!--:--><!--:es--><a href=\"https:\/\/viecontemplative.saintefamille.fr\/files\/2008\/11\/screenshot.jpg\"><img loading=\"lazy\" decoding=\"async\" src=\"https:\/\/viecontemplative.saintefamille.fr\/files\/2008\/11\/screenshot-195x300.jpg\" alt=\"\" title=\"prier.saintefamille.fr\" width=\"195\" height=\"300\" class=\"alignleft size-medium wp-image-25752\" srcset=\"https:\/\/viecontemplative.saintefamille.fr\/files\/2008\/11\/screenshot-195x300.jpg 195w, https:\/\/viecontemplative.saintefamille.fr\/files\/2008\/11\/screenshot.jpg 480w\" sizes=\"auto, (max-width: 195px) 100vw, 195px\" \/><\/a><!--:--><!--:fr-->La Sainte Famille de Bordeaux vous propose quelques outils Web :<\/p>\n<p><strong>Pour prier avec votre t\u00e9l\u00e9phone mobile<\/strong> (dans les transports, dans une salle d&#8217;attente, &#8230;)  :<\/p>\n<table>\n<tr>\n<td>\n<a href=\"https:\/\/viecontemplative.saintefamille.fr\/files\/2008\/11\/screenshot.jpg\"><img loading=\"lazy\" decoding=\"async\" class=\"alignleft size-medium wp-image-25752\" title=\"prier.saintefamille.fr\" src=\"https:\/\/viecontemplative.saintefamille.fr\/files\/2008\/11\/screenshot-195x300.jpg\" alt=\"\" width=\"195\" height=\"300\" srcset=\"https:\/\/viecontemplative.saintefamille.fr\/files\/2008\/11\/screenshot-195x300.jpg 195w, https:\/\/viecontemplative.saintefamille.fr\/files\/2008\/11\/screenshot.jpg 480w\" sizes=\"auto, (max-width: 195px) 100vw, 195px\" \/><\/a><\/td>\n<td>Mettez un raccourci vers la page <a href=\"http:\/\/prier.saintefamille.fr\" target=\"_blank\"><b>http:\/\/prier.saintefamille.fr<\/a><\/b> sur votre smartphone pour d\u00e9couvrir une pri\u00e8re chaque jour ainsi que les lectures liturgiques du jour.<\/p>\n<p style=\"text-align: center\">\n<a href=\"http:\/\/prier.saintefamille.fr\" target=\"_blank\"><img loading=\"lazy\" decoding=\"async\" align=\"center\" src=\"http:\/\/chart.apis.google.com\/chart?cht=qr&#038;chl=http%3A%2F%2Fprier.saintefamille.fr%2F&#038;chs=120x120\" width=\"120\" height=\"120\"\/><\/a><\/p>\n<\/td>\n<\/tr>\n<\/table>\n<p><strong>Pour votre page personnalis\u00e9e <a href=\"http:\/\/www.google.com\/ig\" target=\"_blank\">iGoogle<\/a><\/strong> :<\/p>\n<p>Ces 2 gadgets iGoogle sont \u00e0 votre disposition.<\/p>\n<div style=\"width:320px; margin: 1em auto;\"><script src=\"\/\/www.gmodules.com\/ig\/ifr?url=http:\/\/www.saintefamille.fr\/google\/prieres\/&amp;synd=open&amp;w=320&amp;h=200&amp;title=Une+pri%C3%A8re+chaque+jour&amp;border=%23ffffff%7C3px%2C1px+solid+%23999999&amp;output=js\"><\/script><\/div>\n<div style=\"width:320px; margin: 1em auto;\"><script src=\"\/\/www.gmodules.com\/ig\/ifr?url=http:\/\/www.saintefamille.fr\/google\/evangile\/&amp;synd=open&amp;w=320&amp;h=250&amp;title=Evangile+de+ce+jour&amp;border=%23ffffff%7C3px%2C1px+solid+%23999999&amp;output=js\"><\/script><\/div>\n<p><strong>Pour \u00eatre au courant des derniers articles parus<\/strong> :<\/p>\n<p>Ajoutez le <a href=\"https:\/\/viecontemplative.saintefamille.fr\/wp-rss2.php\" target=\"_blank\">fil RSS<\/a> dans votre page <a href=\"http:\/\/www.google.com\/ig\/adde?moduleurl=https:\/\/viecontemplative.saintefamille.fr\/wp-rss2.php\"><img decoding=\"async\" style=\"width: 104px; height: 17px; border: 0px;\" src=\"http:\/\/buttons.googlesyndication.com\/fusion\/add.gif\" alt=\"Add to Google\" align=\"absmiddle\" \/><\/a><!--:--><\/p>\n","protected":false},"excerpt":{"rendered":"<p>La Sainte Famille de Bordeaux vous propose quelques outils Web : Pour prier avec votre t\u00e9l\u00e9phone mobile (dans les transports, dans une salle d&#8217;attente, &#8230;) : Mettez un raccourci vers la page http:\/\/prier.saintefamille.fr sur votre smartphone pour d\u00e9couvrir une pri\u00e8re chaque jour ainsi que les lectures liturgiques du jour. Pour votre page personnalis\u00e9e iGoogle : [&hellip;]<\/p>\n","protected":false},"author":4,"featured_media":0,"parent":0,"menu_order":7,"comment_status":"closed","ping_status":"open","template":"","meta":{"footnotes":""},"class_list":["post-2304","page","type-page","status-publish","hentry"],"_links":{"self":[{"href":"https:\/\/viecontemplative.saintefamille.fr\/index.php?rest_route=\/wp\/v2\/pages\/2304","targetHints":{"allow":["GET"]}}],"collection":[{"href":"https:\/\/viecontemplative.saintefamille.fr\/index.php?rest_route=\/wp\/v2\/pages"}],"about":[{"href":"https:\/\/viecontemplative.saintefamille.fr\/index.php?rest_route=\/wp\/v2\/types\/page"}],"author":[{"embeddable":true,"href":"https:\/\/viecontemplative.saintefamille.fr\/index.php?rest_route=\/wp\/v2\/users\/4"}],"replies":[{"embeddable":true,"href":"https:\/\/viecontemplative.saintefamille.fr\/index.php?rest_route=%2Fwp%2Fv2%2Fcomments&post=2304"}],"version-history":[{"count":18,"href":"https:\/\/viecontemplative.saintefamille.fr\/index.php?rest_route=\/wp\/v2\/pages\/2304\/revisions"}],"predecessor-version":[{"id":25758,"href":"https:\/\/viecontemplative.saintefamille.fr\/index.php?rest_route=\/wp\/v2\/pages\/2304\/revisions\/25758"}],"wp:attachment":[{"href":"https:\/\/viecontemplative.saintefamille.fr\/index.php?rest_route=%2Fwp%2Fv2%2Fmedia&parent=2304"}],"curies":[{"name":"wp","href":"https:\/\/api.w.org\/{rel}","templated":true}]}}