{"id":29,"date":"2007-12-19T17:56:00","date_gmt":"2007-12-19T16:56:00","guid":{"rendered":"http:\/\/www.saintefamille.fr\/viecontemplative\/?page_id=29"},"modified":"2007-12-19T17:56:00","modified_gmt":"2007-12-19T16:56:00","slug":"oteiza","status":"publish","type":"page","link":"https:\/\/viecontemplative.saintefamille.fr\/?page_id=29","title":{"rendered":"Oteiza"},"content":{"rendered":"<p><!--:fr--><\/p>\n<p style=\"text-align: center\"><a href=\"http:\/\/www.saintefamille.fr\/wp-content\/uploads\/vc\/2010\/01\/monastere-doteiza.jpg\"><img loading=\"lazy\" decoding=\"async\" class=\"size-thumbnail wp-image-10860 alignnone\" src=\"http:\/\/www.saintefamille.fr\/wp-content\/uploads\/vc\/2010\/01\/monastere-doteiza-150x150.jpg\" alt=\"\" width=\"150\" height=\"150\" \/><\/a><\/p>\n<p style=\"text-align: center\">\n<p style=\"text-align: center\">\n<p style=\"text-align: center\"><strong>Adresse<\/strong> (<a title=\"Voir le plan sur ViaMichelin\" href=\"http:\/\/www.viamichelin.fr\/viamichelin\/fra\/dyn\/controller\/Cartes-plans?mapId=-twybrx4w9vpimd&amp;initialMap=mapid&amp;dx=348&amp;dy=200&amp;empriseW=697&amp;empriseH=400\" target=\"_blank\">voir le plan<\/a>) :<\/p>\n<p style=\"text-align: center\">Monasterio Sagrada Familia<\/p>\n<p style=\"text-align: center\">31195 Oteiza de Bierroplano<\/p>\n<p style=\"text-align: center\">Navarra &#8211; Espa\u00f1a<\/p>\n<p style=\"text-align: center\"><strong>T\u00e9l\u00e9phone\/Fax <\/strong>: +34 948 302475<\/p>\n<p style=\"text-align: center\"><strong>Email <\/strong>: oteizacom@yahoo.es<\/p>\n<p style=\"text-align: center\"><a title=\"ste-famille-chapelle-monastere.jpg\" href=\"http:\/\/www.saintefamille.fr\/wp-content\/uploads\/vc\/2007\/12\/ste-famille-chapelle-monastere.jpg\"><img decoding=\"async\" src=\"http:\/\/www.saintefamille.fr\/wp-content\/uploads\/vc\/2007\/12\/ste-famille-chapelle-monastere.thumbnail.jpg\" alt=\"ste-famille-chapelle-monastere.jpg\" \/><\/a><\/p>\n<p style=\"text-align: center\"><a title=\"ste-famille-chapelle-monastere.jpg\" href=\"http:\/\/www.saintefamille.fr\/wp-content\/uploads\/vc\/2007\/12\/ste-famille-chapelle-monastere.jpg\"> <\/a><\/p>\n<p style=\"text-align: center\"><a title=\"ste-famille-chapelle-monastere.jpg\" href=\"http:\/\/www.saintefamille.fr\/wp-content\/uploads\/vc\/2007\/12\/ste-famille-chapelle-monastere.jpg\"> <\/a><a title=\"monastere-oteiza-2.jpg\" href=\"http:\/\/www.saintefamille.fr\/wp-content\/uploads\/vc\/2007\/12\/monastere-oteiza-2.jpg\"><\/a><a title=\"communaute-oteiza-2.jpg\" href=\"http:\/\/www.saintefamille.fr\/wp-content\/uploads\/vc\/2007\/12\/communaute-oteiza-2.jpg\"><img decoding=\"async\" src=\"http:\/\/www.saintefamille.fr\/wp-content\/uploads\/vc\/2007\/12\/communaute-oteiza-2.thumbnail.jpg\" alt=\"communaute-oteiza-2.jpg\" \/><\/a><a title=\"ste-famille-chapelle-monastere.jpg\" href=\"http:\/\/www.saintefamille.fr\/wp-content\/uploads\/vc\/2007\/12\/ste-famille-chapelle-monastere.jpg\"> <\/a><a title=\"monastere-oteiza-2.jpg\" href=\"http:\/\/www.saintefamille.fr\/wp-content\/uploads\/vc\/2007\/12\/monastere-oteiza-2.jpg\"> <\/a><\/p>\n<p style=\"text-align: center\"><a title=\"communaute-oteiza-2.jpg\" href=\"http:\/\/www.saintefamille.fr\/wp-content\/uploads\/vc\/2007\/12\/communaute-oteiza-2.jpg\"> <\/a><a title=\"cloitre-monastere-doteiza.jpg\" rel=\"lightbox\" href=\"http:\/\/www.saintefamille.fr\/wp-content\/uploads\/vc\/2008\/04\/cloitre-monastere-doteiza.jpg\"><\/a><\/p>\n<p style=\"text-align: center\">\n<p style=\"text-align: center\"><a title=\"img_3228.JPG\" rel=\"lightbox\" href=\"http:\/\/www.saintefamille.fr\/wp-content\/uploads\/vc\/2008\/04\/img_3228.JPG\"><img decoding=\"async\" src=\"http:\/\/www.saintefamille.fr\/wp-content\/uploads\/vc\/2008\/04\/img_3228.thumbnail.JPG\" alt=\"img_3228.JPG\" align=\"left\" \/><\/a><\/p>\n<p style=\"text-align: center\"><a href=\"http:\/\/www.saintefamille.fr\/wp-content\/uploads\/vc\/2007\/12\/monastere-oteiza-4.jpg\"><img loading=\"lazy\" decoding=\"async\" class=\"alignnone size-thumbnail wp-image-102\" src=\"http:\/\/www.saintefamille.fr\/wp-content\/uploads\/vc\/2007\/12\/monastere-oteiza-4.thumbnail.jpg\" alt=\"\" width=\"200\" height=\"150\" \/><\/a><a title=\"monastere-oteiza-6.jpg\" href=\"http:\/\/www.saintefamille.fr\/wp-content\/uploads\/vc\/2007\/12\/monastere-oteiza-6.jpg\"><img decoding=\"async\" src=\"http:\/\/www.saintefamille.fr\/wp-content\/uploads\/vc\/2007\/12\/monastere-oteiza-6.thumbnail.jpg\" alt=\"monastere-oteiza-6.jpg\" \/><\/a><\/p>\n<p style=\"text-align: center\"><a title=\"office-oteiza-3.jpg\" href=\"http:\/\/www.saintefamille.fr\/wp-content\/uploads\/vc\/2008\/03\/office-oteiza-3.jpg\"><img decoding=\"async\" src=\"http:\/\/www.saintefamille.fr\/wp-content\/uploads\/vc\/2008\/03\/office-oteiza-3.thumbnail.jpg\" alt=\"office-oteiza-3.jpg\" \/><\/a><\/p>\n<p style=\"text-align: center\"><a title=\"monastere-oteiza-7.jpg\" href=\"http:\/\/www.saintefamille.fr\/wp-content\/uploads\/vc\/2007\/12\/monastere-oteiza-7.jpg\"><\/a><\/p>\n<p style=\"text-align: center\"><a title=\"monastere-oteiza-2.jpg\" href=\"http:\/\/www.saintefamille.fr\/wp-content\/uploads\/vc\/2007\/12\/monastere-oteiza-2.jpg\"><\/a><\/p>\n<p style=\"text-align: center\"><a title=\"monastere-oteiza-2.jpg\" href=\"http:\/\/www.saintefamille.fr\/wp-content\/uploads\/vc\/2007\/12\/monastere-oteiza-2.jpg\"> <\/a><\/p>\n<p style=\"text-align: center\"><a title=\"monastere-oteiza-7.jpg\" href=\"http:\/\/www.saintefamille.fr\/wp-content\/uploads\/vc\/2007\/12\/monastere-oteiza-7.jpg\"> <\/a><\/p>\n<p style=\"text-align: center\"><a title=\"monastere-oteiza-7.jpg\" href=\"http:\/\/www.saintefamille.fr\/wp-content\/uploads\/vc\/2007\/12\/monastere-oteiza-7.jpg\"> <\/a><\/p>\n<p style=\"text-align: center\"><a title=\"monastere-oteiza-7.jpg\" href=\"http:\/\/www.saintefamille.fr\/wp-content\/uploads\/vc\/2007\/12\/monastere-oteiza-7.jpg\"> <\/a><\/p>\n<p style=\"text-align: center\">\n<p><!--:--><\/p>\n","protected":false},"excerpt":{"rendered":"<p>Adresse (voir le plan) : Monasterio Sagrada Familia 31195 Oteiza de Bierroplano Navarra &#8211; Espa\u00f1a T\u00e9l\u00e9phone\/Fax : +34 948 302475 Email : oteizacom@yahoo.es<\/p>\n","protected":false},"author":4,"featured_media":0,"parent":9,"menu_order":0,"comment_status":"closed","ping_status":"open","template":"","meta":{"footnotes":""},"class_list":["post-29","page","type-page","status-publish","hentry"],"_links":{"self":[{"href":"https:\/\/viecontemplative.saintefamille.fr\/index.php?rest_route=\/wp\/v2\/pages\/29","targetHints":{"allow":["GET"]}}],"collection":[{"href":"https:\/\/viecontemplative.saintefamille.fr\/index.php?rest_route=\/wp\/v2\/pages"}],"about":[{"href":"https:\/\/viecontemplative.saintefamille.fr\/index.php?rest_route=\/wp\/v2\/types\/page"}],"author":[{"embeddable":true,"href":"https:\/\/viecontemplative.saintefamille.fr\/index.php?rest_route=\/wp\/v2\/users\/4"}],"replies":[{"embeddable":true,"href":"https:\/\/viecontemplative.saintefamille.fr\/index.php?rest_route=%2Fwp%2Fv2%2Fcomments&post=29"}],"version-history":[{"count":0,"href":"https:\/\/viecontemplative.saintefamille.fr\/index.php?rest_route=\/wp\/v2\/pages\/29\/revisions"}],"up":[{"embeddable":true,"href":"https:\/\/viecontemplative.saintefamille.fr\/index.php?rest_route=\/wp\/v2\/pages\/9"}],"wp:attachment":[{"href":"https:\/\/viecontemplative.saintefamille.fr\/index.php?rest_route=%2Fwp%2Fv2%2Fmedia&parent=29"}],"curies":[{"name":"wp","href":"https:\/\/api.w.org\/{rel}","templated":true}]}}