{"id":38,"date":"2007-12-19T17:56:08","date_gmt":"2007-12-19T16:56:08","guid":{"rendered":"http:\/\/www.saintefamille.fr\/viecontemplative\/?page_id=38"},"modified":"2007-12-19T17:56:08","modified_gmt":"2007-12-19T16:56:08","slug":"posadas","status":"publish","type":"page","link":"https:\/\/viecontemplative.saintefamille.fr\/?page_id=38","title":{"rendered":"Posadas"},"content":{"rendered":"<h4>Le monast\u00e8re d&#8217;Argentine  a \u00e9t\u00e9 fond\u00e9 en 1993.<\/h4>\n<p style=\"text-align: center\"><a href=\"http:\/\/www.saintefamille.fr\/wp-content\/uploads\/vc\/2008\/07\/vue-sur-le-monastere-de-posadas.jpg\"><img loading=\"lazy\" decoding=\"async\" class=\"alignnone size-medium wp-image-1028\" src=\"http:\/\/www.saintefamille.fr\/wp-content\/uploads\/vc\/2008\/07\/vue-sur-le-monastere-de-posadas-300x142.jpg\" alt=\"\" width=\"300\" height=\"142\" \/><\/a><\/p>\n<p style=\"text-align: center\"><a title=\"Photo bt - espace accueil monast\u00e8re de Posadas\" href=\"http:\/\/www.saintefamille.fr\/wp-content\/uploads\/vc\/2008\/07\/espace-accueil-monastere-de-posadas.jpg\"><img loading=\"lazy\" decoding=\"async\" class=\"alignnone size-medium wp-image-1027\" src=\"http:\/\/www.saintefamille.fr\/wp-content\/uploads\/vc\/2008\/07\/espace-accueil-monastere-de-posadas-300x160.jpg\" alt=\"\" width=\"300\" height=\"160\" \/> <\/a><a title=\"Photo bt - espace accueil monast\u00e8re de Posadas\" href=\"http:\/\/www.saintefamille.fr\/wp-content\/uploads\/vc\/2008\/07\/espace-accueil-du-monastere-de-posadas.jpg\"><img loading=\"lazy\" decoding=\"async\" class=\"alignnone size-medium wp-image-1032\" src=\"http:\/\/www.saintefamille.fr\/wp-content\/uploads\/vc\/2008\/07\/espace-accueil-du-monastere-de-posadas-300x196.jpg\" alt=\"\" width=\"300\" height=\"196\" \/><\/a><\/p>\n<p style=\"text-align: center\"><a title=\"Photo bt - liturgie des heures  Monast\u00e8re de Posadas\" href=\"http:\/\/www.saintefamille.fr\/wp-content\/uploads\/vc\/2008\/07\/lecture-office-sr-rose-mary.jpg\"><img loading=\"lazy\" decoding=\"async\" class=\"alignnone size-thumbnail wp-image-1024\" src=\"http:\/\/www.saintefamille.fr\/wp-content\/uploads\/vc\/2008\/07\/lecture-office-sr-rose-mary-150x150.jpg\" alt=\"\" width=\"150\" height=\"150\" \/><\/a><a title=\"Photo bt - liturgie des heures Monast\u00e8re de Posadas\" href=\"http:\/\/www.saintefamille.fr\/wp-content\/uploads\/vc\/2008\/07\/office-du-milieu-du-jour.jpg\"><img loading=\"lazy\" decoding=\"async\" class=\"alignnone size-thumbnail wp-image-1025\" src=\"http:\/\/www.saintefamille.fr\/wp-content\/uploads\/vc\/2008\/07\/office-du-milieu-du-jour-150x150.jpg\" alt=\"\" width=\"150\" height=\"150\" \/><\/a><\/p>\n<p style=\"text-align: center\"><a href=\"http:\/\/www.saintefamille.fr\/wp-content\/uploads\/vc\/2008\/07\/sr-maria-dolores-fabrication-du-pain-dautel.jpg\"><img loading=\"lazy\" decoding=\"async\" class=\"alignnone size-medium wp-image-1021\" src=\"http:\/\/www.saintefamille.fr\/wp-content\/uploads\/vc\/2008\/07\/sr-maria-dolores-fabrication-du-pain-dautel-300x225.jpg\" alt=\"\" width=\"300\" height=\"225\" \/><\/a><\/p>\n<p style=\"text-align: center\"><a href=\"http:\/\/www.saintefamille.fr\/wp-content\/uploads\/vc\/2008\/07\/service-de-la-cuisine-sr-francoise.jpg\"><img loading=\"lazy\" decoding=\"async\" class=\"alignnone size-medium wp-image-1022\" src=\"http:\/\/www.saintefamille.fr\/wp-content\/uploads\/vc\/2008\/07\/service-de-la-cuisine-sr-francoise-300x225.jpg\" alt=\"\" width=\"300\" height=\"225\" \/><\/a><\/p>\n<p><a href=\"http:\/\/www.saintefamille.fr\/wp-content\/uploads\/vc\/2008\/07\/vue-sur-le-monastere-de-posadas.jpg\"> <\/a><\/p>\n<p><a title=\"photo bt - monast\u00e8re de Posadas\" href=\"http:\/\/www.saintefamille.fr\/wp-content\/uploads\/vc\/2008\/07\/vue-sur-le-monastere-de-posadas.jpg\"> <\/a><\/p>\n<p><a title=\"photo bt - monast\u00e8re de Posadas\" href=\"http:\/\/www.saintefamille.fr\/wp-content\/uploads\/vc\/2008\/07\/vue-sur-le-monastere-de-posadas.jpg\"> <\/a><\/p>\n<h4><a href=\"http:\/\/www.saintefamille.fr\/wp-content\/uploads\/vc\/2008\/07\/sr-maria-dolores-fabrication-du-pain-dautel.jpg\"> <\/a><\/h4>\n<p><a href=\"http:\/\/www.saintefamille.fr\/wp-content\/uploads\/vc\/2008\/07\/lecture-office-sr-rose-mary.jpg\"> <\/a><\/p>\n<p><a title=\"Photo bt - liturgie des heures - Sr fran\u00e7oise et Sr Miren\" href=\"http:\/\/www.saintefamille.fr\/wp-content\/uploads\/vc\/2008\/07\/office-du-milieu-du-jour.jpg\"> <\/a><a title=\"Photo bt - liturgie des heures - Sr Rose Mary\" href=\"http:\/\/www.saintefamille.fr\/wp-content\/uploads\/vc\/2008\/07\/lecture-office-sr-rose-mary.jpg\"><br \/>\n<\/a><\/p>\n<p><a title=\"Photo bt - sSr Fran\u00e7oise\" href=\"http:\/\/www.saintefamille.fr\/wp-content\/uploads\/vc\/2008\/07\/service-de-la-cuisine-sr-francoise.jpg\"> <\/a><a title=\"Photo bt - sSr Fran\u00e7oise\" href=\"http:\/\/www.saintefamille.fr\/wp-content\/uploads\/vc\/2008\/07\/service-de-la-cuisine-sr-francoise.jpg\"> <\/a><a title=\"Photo bt - sSr Fran\u00e7oise\" href=\"http:\/\/www.saintefamille.fr\/wp-content\/uploads\/vc\/2008\/07\/service-de-la-cuisine-sr-francoise.jpg\"> <\/a><a href=\"http:\/\/www.saintefamille.fr\/wp-content\/uploads\/vc\/2008\/07\/sr-maria-dolores-fabrication-du-pain-dautel.jpg\"> <\/a><a href=\"http:\/\/www.saintefamille.fr\/wp-content\/uploads\/vc\/2008\/07\/lecture-office-sr-rose-mary.jpg\"> <\/a><\/p>\n<p><a href=\"http:\/\/www.saintefamille.fr\/wp-content\/uploads\/vc\/2008\/07\/sr-maria-dolores-fabrication-du-pain-dautel.jpg\"> <\/a><\/p>\n<p>Monasterio Sagrada Familia<br \/>\nCasilla 164<br \/>\n3300 POSADAS (Misiones)<br \/>\nARGENTINA<\/p>\n<p><strong>T\u00e9l &amp; Fax <\/strong>: +54 3752 433003<\/p>\n<p><strong>Email <\/strong>: supovic@arnet.com.ar<\/p>\n<p><a title=\"elena-posadas.jpg\" href=\"http:\/\/www.saintefamille.fr\/wp-content\/uploads\/vc\/2007\/12\/elena-posadas.jpg\"> <\/a><a title=\"elena-posadas.jpg\" href=\"http:\/\/www.saintefamille.fr\/wp-content\/uploads\/vc\/2007\/12\/elena-posadas.jpg\"> <\/a><a title=\"monastere-de-posadas-2.jpg\" href=\"http:\/\/www.saintefamille.fr\/wp-content\/uploads\/vc\/2008\/01\/monastere-de-posadas-2.jpg\"> <\/a><a title=\"el-monasterio-de-san-isidro.jpg\" href=\"http:\/\/www.saintefamille.fr\/wp-content\/uploads\/vc\/2007\/12\/el-monasterio-de-san-isidro.jpg\"> <\/a><\/p>\n","protected":false},"excerpt":{"rendered":"<p>Le monast\u00e8re d&#8217;Argentine a \u00e9t\u00e9 fond\u00e9 en 1993. Monasterio Sagrada Familia Casilla 164 3300 POSADAS (Misiones) ARGENTINA T\u00e9l &amp; Fax : +54 3752 433003 Email : supovic@arnet.com.ar<\/p>\n","protected":false},"author":4,"featured_media":0,"parent":9,"menu_order":0,"comment_status":"closed","ping_status":"open","template":"","meta":{"footnotes":""},"class_list":["post-38","page","type-page","status-publish","hentry"],"_links":{"self":[{"href":"https:\/\/viecontemplative.saintefamille.fr\/index.php?rest_route=\/wp\/v2\/pages\/38","targetHints":{"allow":["GET"]}}],"collection":[{"href":"https:\/\/viecontemplative.saintefamille.fr\/index.php?rest_route=\/wp\/v2\/pages"}],"about":[{"href":"https:\/\/viecontemplative.saintefamille.fr\/index.php?rest_route=\/wp\/v2\/types\/page"}],"author":[{"embeddable":true,"href":"https:\/\/viecontemplative.saintefamille.fr\/index.php?rest_route=\/wp\/v2\/users\/4"}],"replies":[{"embeddable":true,"href":"https:\/\/viecontemplative.saintefamille.fr\/index.php?rest_route=%2Fwp%2Fv2%2Fcomments&post=38"}],"version-history":[{"count":0,"href":"https:\/\/viecontemplative.saintefamille.fr\/index.php?rest_route=\/wp\/v2\/pages\/38\/revisions"}],"up":[{"embeddable":true,"href":"https:\/\/viecontemplative.saintefamille.fr\/index.php?rest_route=\/wp\/v2\/pages\/9"}],"wp:attachment":[{"href":"https:\/\/viecontemplative.saintefamille.fr\/index.php?rest_route=%2Fwp%2Fv2%2Fmedia&parent=38"}],"curies":[{"name":"wp","href":"https:\/\/api.w.org\/{rel}","templated":true}]}}