{"id":390,"date":"2008-02-17T10:56:51","date_gmt":"2008-02-17T09:56:51","guid":{"rendered":"http:\/\/www.saintefamille.fr\/viecontemplative\/?page_id=390"},"modified":"2012-09-10T14:29:29","modified_gmt":"2012-09-10T13:29:29","slug":"intentions-de-priere","status":"publish","type":"page","link":"https:\/\/viecontemplative.saintefamille.fr\/?page_id=390","title":{"rendered":"Intentions de pri\u00e8re"},"content":{"rendered":"<p><!--:en-->Vous pouvez nous faire parvenir vos intentions de pri\u00e8res en remplissant le formulaire ci-dessous :<br \/>\n<!-- ddfm1 --><\/p>\n<p style=\"text-align: center\"><a href=\"http:\/\/www.saintefamille.fr\/wp-content\/uploads\/vc\/2008\/02\/priere-intercession.jpg\" title=\"priere-intercession.jpg\"><img decoding=\"async\" src=\"http:\/\/www.saintefamille.fr\/wp-content\/uploads\/vc\/2008\/02\/priere-intercession.thumbnail.jpg\" alt=\"priere-intercession.jpg\" \/><\/a><\/p>\n<p align=\"left\"><font color=\"#993300\">Nous portons devant Dieu la souffrance de notre terre, ses aspirations, ses joies et  ses peines, appelant sur tous nos fr\u00e8res et s\u0153urs en  humanit\u00e9 la b\u00e9n\u00e9diction de Dieu. <\/font><\/p>\n<p><!--:--><!--:es-->Vous pouvez nous faire parvenir vos intentions de pri\u00e8res en remplissant le formulaire ci-dessous :<br \/>\n<!-- ddfm1 --><\/p>\n<p style=\"text-align: center\"><a href=\"http:\/\/www.saintefamille.fr\/wp-content\/uploads\/vc\/2008\/02\/priere-intercession.jpg\" title=\"priere-intercession.jpg\"><img decoding=\"async\" src=\"http:\/\/www.saintefamille.fr\/wp-content\/uploads\/vc\/2008\/02\/priere-intercession.thumbnail.jpg\" alt=\"priere-intercession.jpg\" \/><\/a><\/p>\n<p align=\"left\"><font color=\"#993300\">Nous portons devant Dieu la souffrance de notre terre, ses aspirations, ses joies et  ses peines, appelant sur tous nos fr\u00e8res et s\u0153urs en  humanit\u00e9 la b\u00e9n\u00e9diction de Dieu. <\/font><\/p>\n<p><!--:--><!--:fr--><\/p>\n<p style=\"text-align: center;\"><a title=\"priere-intercession.jpg\" href=\"http:\/\/www.saintefamille.fr\/wp-content\/uploads\/vc\/2008\/02\/priere-intercession.jpg\"><img decoding=\"async\" src=\"http:\/\/www.saintefamille.fr\/wp-content\/uploads\/vc\/2008\/02\/priere-intercession.thumbnail.jpg\" alt=\"priere-intercession.jpg\" \/><\/a><\/p>\n<p align=\"left\"><span style=\"color: #993300;\">Nous portons devant Dieu la souffrance de notre terre, ses aspirations, ses joies et ses peines, appelant sur tous nos fr\u00e8res et s\u0153urs en humanit\u00e9 la b\u00e9n\u00e9diction de Dieu. <\/span><\/p>\n<p>Vous pouvez nous faire parvenir vos intentions de pri\u00e8res en remplissant le formulaire ci-dessous :<\/p>\n<p><? include (\"wp-content\/include\/form_intentions\/form.php\") ?><!--:--><\/p>\n","protected":false},"excerpt":{"rendered":"<p>Vous pouvez nous faire parvenir vos intentions de pri\u00e8res en remplissant le formulaire ci-dessous : Nous portons devant Dieu la souffrance de notre terre, ses aspirations, ses joies et ses peines, appelant sur tous nos fr\u00e8res et s\u0153urs en humanit\u00e9 la b\u00e9n\u00e9diction de Dieu. Vous pouvez nous faire parvenir vos intentions de pri\u00e8res en remplissant [&hellip;]<\/p>\n","protected":false},"author":4,"featured_media":0,"parent":0,"menu_order":5,"comment_status":"closed","ping_status":"open","template":"","meta":{"footnotes":""},"class_list":["post-390","page","type-page","status-publish","hentry"],"_links":{"self":[{"href":"https:\/\/viecontemplative.saintefamille.fr\/index.php?rest_route=\/wp\/v2\/pages\/390","targetHints":{"allow":["GET"]}}],"collection":[{"href":"https:\/\/viecontemplative.saintefamille.fr\/index.php?rest_route=\/wp\/v2\/pages"}],"about":[{"href":"https:\/\/viecontemplative.saintefamille.fr\/index.php?rest_route=\/wp\/v2\/types\/page"}],"author":[{"embeddable":true,"href":"https:\/\/viecontemplative.saintefamille.fr\/index.php?rest_route=\/wp\/v2\/users\/4"}],"replies":[{"embeddable":true,"href":"https:\/\/viecontemplative.saintefamille.fr\/index.php?rest_route=%2Fwp%2Fv2%2Fcomments&post=390"}],"version-history":[{"count":5,"href":"https:\/\/viecontemplative.saintefamille.fr\/index.php?rest_route=\/wp\/v2\/pages\/390\/revisions"}],"predecessor-version":[{"id":29493,"href":"https:\/\/viecontemplative.saintefamille.fr\/index.php?rest_route=\/wp\/v2\/pages\/390\/revisions\/29493"}],"wp:attachment":[{"href":"https:\/\/viecontemplative.saintefamille.fr\/index.php?rest_route=%2Fwp%2Fv2%2Fmedia&parent=390"}],"curies":[{"name":"wp","href":"https:\/\/api.w.org\/{rel}","templated":true}]}}