{"id":9,"date":"2007-11-18T10:45:51","date_gmt":"2007-11-18T09:45:51","guid":{"rendered":"http:\/\/www.saintefamille.fr\/viecontemplative\/?page_id=9"},"modified":"2007-11-18T10:45:51","modified_gmt":"2007-11-18T09:45:51","slug":"communautes","status":"publish","type":"page","link":"https:\/\/viecontemplative.saintefamille.fr\/?page_id=9","title":{"rendered":"Communaut\u00e9s"},"content":{"rendered":"<p>Les communaut\u00e9s contemplatives  sont pr\u00e9sentes sur trois continents:<\/p>\n<ul>\n<li>En Argentine : Posadas<\/li>\n<li>En France : <a href=\"?page_id=10\">La Solitude-Martillac<\/a><\/li>\n<li>En Espagne : Oteiza<\/li>\n<li>Au Sri Lanka : Nagoda<\/li>\n<\/ul>\n<p>Nos Monast\u00e8res sont  la maison de Dieu o\u00f9 nous demeurons pr\u00e8s de la Source, proclamant par notre vie m\u00eame  <font color=\"#999999\">l<font color=\"#808080\">a Primaut\u00e9 de Dieu.<strong>  <\/strong><\/font><\/font>Nous nous donnons des conditions pour vivre pour Dieu seul  faisant de nos  maisons un espace sacr\u00e9, un espace de culte que nous offrons \u00e0 tous  ceux et celles qui  veulent se recueillir  dans le Seigneur, \u00e0 la lumi\u00e8re de sa Parole,  dans la force de son Eucharistie.<\/p>\n<p class=\"MsoNormal\" style=\"text-align: justify\"><span style=\"font-size: 12pt\"><\/span><\/p>\n","protected":false},"excerpt":{"rendered":"<p>Les communaut\u00e9s contemplatives sont pr\u00e9sentes sur trois continents: En Argentine : Posadas En France : La Solitude-Martillac En Espagne : Oteiza Au Sri Lanka : Nagoda Nos Monast\u00e8res sont la maison de Dieu o\u00f9 nous demeurons pr\u00e8s de la Source, proclamant par notre vie m\u00eame la Primaut\u00e9 de Dieu. Nous nous donnons des conditions pour [&hellip;]<\/p>\n","protected":false},"author":4,"featured_media":0,"parent":0,"menu_order":3,"comment_status":"closed","ping_status":"open","template":"","meta":{"footnotes":""},"class_list":["post-9","page","type-page","status-publish","hentry"],"_links":{"self":[{"href":"https:\/\/viecontemplative.saintefamille.fr\/index.php?rest_route=\/wp\/v2\/pages\/9","targetHints":{"allow":["GET"]}}],"collection":[{"href":"https:\/\/viecontemplative.saintefamille.fr\/index.php?rest_route=\/wp\/v2\/pages"}],"about":[{"href":"https:\/\/viecontemplative.saintefamille.fr\/index.php?rest_route=\/wp\/v2\/types\/page"}],"author":[{"embeddable":true,"href":"https:\/\/viecontemplative.saintefamille.fr\/index.php?rest_route=\/wp\/v2\/users\/4"}],"replies":[{"embeddable":true,"href":"https:\/\/viecontemplative.saintefamille.fr\/index.php?rest_route=%2Fwp%2Fv2%2Fcomments&post=9"}],"version-history":[{"count":0,"href":"https:\/\/viecontemplative.saintefamille.fr\/index.php?rest_route=\/wp\/v2\/pages\/9\/revisions"}],"wp:attachment":[{"href":"https:\/\/viecontemplative.saintefamille.fr\/index.php?rest_route=%2Fwp%2Fv2%2Fmedia&parent=9"}],"curies":[{"name":"wp","href":"https:\/\/api.w.org\/{rel}","templated":true}]}}